{"id":36851,"date":"2024-11-22T16:06:11","date_gmt":"2024-11-22T19:06:11","guid":{"rendered":"https:\/\/dev.myabcm.com\/cas-de-reussite\/"},"modified":"2024-11-26T22:46:16","modified_gmt":"2024-11-27T01:46:16","slug":"cas-de-reussite","status":"publish","type":"page","link":"https:\/\/dev.myabcm.com\/fr\/cas-de-reussite\/","title":{"rendered":"Cas de R\u00e9ussite"},"content":{"rendered":"\t\t<div data-elementor-type=\"wp-page\" data-elementor-id=\"36851\" class=\"elementor elementor-36851 elementor-36792\">\n\t\t\t\t\t\t<section class=\"elementor-section elementor-top-section elementor-element elementor-element-a6652b1 elementor-section-height-min-height elementor-section-boxed elementor-section-height-default elementor-section-items-middle\" data-id=\"a6652b1\" data-element_type=\"section\" data-settings=\"{&quot;background_background&quot;:&quot;classic&quot;,&quot;shape_divider_bottom&quot;:&quot;curve&quot;,&quot;shape_divider_bottom_negative&quot;:&quot;yes&quot;}\">\n\t\t\t\t\t\t\t<div class=\"elementor-background-overlay\"><\/div>\n\t\t\t\t\t\t<div class=\"elementor-shape elementor-shape-bottom\" aria-hidden=\"true\" data-negative=\"true\">\n\t\t\t<svg xmlns=\"http:\/\/www.w3.org\/2000\/svg\" viewBox=\"0 0 1000 100\" preserveAspectRatio=\"none\">\n\t<path class=\"elementor-shape-fill\" d=\"M500,97C126.7,96.3,0.8,19.8,0,0v100l1000,0V1C1000,19.4,873.3,97.8,500,97z\"\/>\n<\/svg>\t\t<\/div>\n\t\t\t\t\t<div class=\"elementor-container elementor-column-gap-default\">\n\t\t\t\t\t<div class=\"elementor-column elementor-col-100 elementor-top-column elementor-element elementor-element-761dd8b\" data-id=\"761dd8b\" data-element_type=\"column\">\n\t\t\t<div class=\"elementor-widget-wrap elementor-element-populated\">\n\t\t\t\t\t\t<div class=\"elementor-element elementor-element-3046d5c elementor-widget elementor-widget-spacer\" data-id=\"3046d5c\" data-element_type=\"widget\" data-widget_type=\"spacer.default\">\n\t\t\t\t<div class=\"elementor-widget-container\">\n\t\t\t\t\t\t\t<div class=\"elementor-spacer\">\n\t\t\t<div class=\"elementor-spacer-inner\"><\/div>\n\t\t<\/div>\n\t\t\t\t\t\t<\/div>\n\t\t\t\t<\/div>\n\t\t\t\t<section class=\"elementor-section elementor-inner-section elementor-element elementor-element-7b79c67 elementor-section-boxed elementor-section-height-default elementor-section-height-default\" data-id=\"7b79c67\" data-element_type=\"section\">\n\t\t\t\t\t\t<div class=\"elementor-container elementor-column-gap-default\">\n\t\t\t\t\t<div class=\"elementor-column elementor-col-100 elementor-inner-column elementor-element elementor-element-6e76e64\" data-id=\"6e76e64\" data-element_type=\"column\">\n\t\t\t<div class=\"elementor-widget-wrap elementor-element-populated\">\n\t\t\t\t\t\t<div class=\"elementor-element elementor-element-90f8650 elementor-widget elementor-widget-heading\" data-id=\"90f8650\" data-element_type=\"widget\" data-widget_type=\"heading.default\">\n\t\t\t\t<div class=\"elementor-widget-container\">\n\t\t\t\t\t<h2 class=\"elementor-heading-title elementor-size-default\">Cas de R\u00e9ussite<\/h2>\t\t\t\t<\/div>\n\t\t\t\t<\/div>\n\t\t\t\t\t<\/div>\n\t\t<\/div>\n\t\t\t\t\t<\/div>\n\t\t<\/section>\n\t\t\t\t\t<\/div>\n\t\t<\/div>\n\t\t\t\t\t<\/div>\n\t\t<\/section>\n\t\t\t\t<section class=\"elementor-section elementor-top-section elementor-element elementor-element-0fdaf16 elementor-section-boxed elementor-section-height-default elementor-section-height-default\" data-id=\"0fdaf16\" data-element_type=\"section\">\n\t\t\t\t\t\t<div class=\"elementor-container elementor-column-gap-default\">\n\t\t\t\t\t<div class=\"elementor-column elementor-col-100 elementor-top-column elementor-element elementor-element-b209a95\" data-id=\"b209a95\" data-element_type=\"column\">\n\t\t\t<div class=\"elementor-widget-wrap elementor-element-populated\">\n\t\t\t\t\t\t<div class=\"elementor-element elementor-element-553cfdc elementor-widget elementor-widget-heading\" data-id=\"553cfdc\" data-element_type=\"widget\" data-widget_type=\"heading.default\">\n\t\t\t\t<div class=\"elementor-widget-container\">\n\t\t\t\t\t<h3 class=\"elementor-heading-title elementor-size-default\">D\u00e9couvrez comment des entreprises de diff\u00e9rents secteurs ont transform\u00e9 leur gestion des co\u00fbts<br \/> et augment\u00e9 leur rentabilit\u00e9 avec MyABCM.<\/h3>\t\t\t\t<\/div>\n\t\t\t\t<\/div>\n\t\t\t\t\t<\/div>\n\t\t<\/div>\n\t\t\t\t\t<\/div>\n\t\t<\/section>\n\t\t\t\t<section class=\"elementor-section elementor-top-section elementor-element elementor-element-090284b elementor-section-boxed elementor-section-height-default elementor-section-height-default\" data-id=\"090284b\" data-element_type=\"section\">\n\t\t\t\t\t\t<div class=\"elementor-container elementor-column-gap-default\">\n\t\t\t\t\t<div class=\"elementor-column elementor-col-100 elementor-top-column elementor-element elementor-element-3ecfb1b\" data-id=\"3ecfb1b\" data-element_type=\"column\">\n\t\t\t<div class=\"elementor-widget-wrap elementor-element-populated\">\n\t\t\t\t\n    <style>#elementor-panel-category-pro-elements, #elementor-panel-category-woocommerce-elements, #elementor-panel-category-theme-elements, #elementor-panel-get-pro-elements, .elementor-nerd-box{display: none !important;}<\/style>\n    \t\t<div class=\"elementor-element elementor-element-e1e1898 elementor-widget elementor-widget-loop-cases\" data-id=\"e1e1898\" data-element_type=\"widget\" data-widget_type=\"loop-cases.default\">\n\t\t\t\t<div class=\"elementor-widget-container\">\n\t\t\t\t\t            <div class=\"container-fluid\">\r\n                <div class=\"row\">\r\n                    <div class=\"col-12 col-sm-4 col-md-2 mt-3 mb-3 coluna-cat\">\r\n                        <div>\r\n                            <h2 class=\"cat-name-listpost\">Cat\u00e9gories<\/h2>\r\n                            <div class=\"box-cat-post\">\r\n                                <a class=\"anchor\" href=\"#servicosfinanceiros\">Industrie Financi\u00e8re<\/a>\r\n                                <a class=\"anchor\" href=\"#bancos\">Banque<\/a>\r\n                                <a class=\"anchor\" href=\"#educacao\">Formation<\/a>\r\n                                <a class=\"anchor\" href=\"#it\">IT<\/a>\r\n                                <a class=\"anchor\" href=\"#logistica\">Logistique<\/a>\r\n                                <a class=\"anchor\" href=\"#manufatura\">Fabrication<\/a>\r\n                                <a class=\"anchor\" href=\"#seguros\">Assurance<\/a>\r\n                                <a class=\"anchor\" href=\"#servicos\">Services<\/a>\r\n                                <a class=\"anchor\" href=\"#publico\">Grand Public<\/a>\r\n                                <a class=\"anchor\" href=\"#telecom\">T\u00e9l\u00e9com<\/a>\r\n                            <\/div>\r\n                            <div class=\"box-cat-select\">\r\n                                <select name=\"categoria\" id=\"select-categoria\">\r\n                                    <option value=\"servicosfinanceiros\">Industrie Financi\u00e8re<\/option>\r\n                                    <option value=\"bancos\">Banque<\/option>\r\n                                    <option value=\"educacao\">Formation<\/option>\r\n                                    <option value=\"it\">IT<\/option>\r\n                                    <option value=\"logistica\">Logistique<\/option>\r\n                                    <option value=\"manufatura\">Fabrication<\/option>\r\n                                    <option value=\"seguros\">Assurance<\/option>\r\n                                    <option value=\"servicos\">Services<\/option>\r\n                                    <option value=\"publico\">Grand Public<\/option>\r\n                                    <option value=\"telecom\">T\u00e9l\u00e9com<\/option>\r\n                                <\/select>\r\n                            <\/div>\r\n                        <\/div>\r\n                    <\/div>\r\n                    <div class=\"col-12 col-sm-8 col-md-10 order-0 order-sm-1 mt-3 pl-4\">\r\n                        <div class=\"content-cases-ajax\" id=\"content-cases-ajax\"><\/div>\r\n                        <!-- <div class=\"control-eventos mt-3 mb-3\">\r\n                            <span class=\"bnt-left-posts\"><img decoding=\"async\" src=\"https:\/\/dev.myabcm.com\/wp-content\/themes\/myabcm\/img\/left-loop.png\" width=\"25\" alt=\"left\"><\/span>\r\n                            <span class=\"input-number-posts\">0<\/span>\r\n                            <span class=\"bnt-right-posts\"><img decoding=\"async\" src=\"https:\/\/dev.myabcm.com\/wp-content\/themes\/myabcm\/img\/right-loop.png\" width=\"25\" alt=\"right\"><\/span>\r\n                        <\/div> -->\r\n                    <\/div>\r\n                <\/div>\r\n            <\/div>\r\n        \t\t\t\t<\/div>\n\t\t\t\t<\/div>\n\t\t\t\t\t<\/div>\n\t\t<\/div>\n\t\t\t\t\t<\/div>\n\t\t<\/section>\n\t\t\t\t<\/div>\n\t\t","protected":false},"excerpt":{"rendered":"<p>Cas de R\u00e9ussite D\u00e9couvrez comment des entreprises de diff\u00e9rents secteurs ont transform\u00e9 leur gestion des co\u00fbts et augment\u00e9 leur rentabilit\u00e9 avec MyABCM. Categories Finance Industry Banks Education IT Logistics Manufacturing Insurance Services Public Sector Telecom Finance IndustryBanksEducationITLogisticsManufacturingInsuranceServicesPublic SectorTelecom<\/p>\n","protected":false},"author":24,"featured_media":29355,"parent":0,"menu_order":0,"comment_status":"closed","ping_status":"closed","template":"","meta":{"_acf_changed":false,"footnotes":""},"class_list":["post-36851","page","type-page","status-publish","has-post-thumbnail","hentry"],"acf":[],"yoast_head":"<!-- This site is optimized with the Yoast SEO plugin v26.5 - https:\/\/yoast.com\/wordpress\/plugins\/seo\/ -->\n<title>Cas de R\u00e9ussite - MyABCM<\/title>\n<meta name=\"description\" content=\"A MyABCM oferece solu\u00e7\u00f5es financeiras sob medida para controle e redu\u00e7\u00e3o de gastos, an\u00e1lise de rentabilidade e melhoria de desempenho da sua empresa.\" \/>\n<meta name=\"robots\" content=\"index, follow, max-snippet:-1, max-image-preview:large, max-video-preview:-1\" \/>\n<link rel=\"canonical\" href=\"https:\/\/dev.myabcm.com\/fr\/cas-de-reussite\/\" \/>\n<meta property=\"og:locale\" content=\"fr_FR\" \/>\n<meta property=\"og:type\" content=\"article\" \/>\n<meta property=\"og:title\" content=\"Cas de R\u00e9ussite - MyABCM\" \/>\n<meta property=\"og:description\" content=\"A MyABCM oferece solu\u00e7\u00f5es financeiras sob medida para controle e redu\u00e7\u00e3o de gastos, an\u00e1lise de rentabilidade e melhoria de desempenho da sua empresa.\" \/>\n<meta property=\"og:url\" content=\"https:\/\/dev.myabcm.com\/fr\/cas-de-reussite\/\" \/>\n<meta property=\"og:site_name\" content=\"MyABCM\" \/>\n<meta property=\"article:publisher\" content=\"https:\/\/www.facebook.com\/MyABCM\/\" \/>\n<meta property=\"article:modified_time\" content=\"2024-11-27T01:46:16+00:00\" \/>\n<meta property=\"og:image\" content=\"http:\/\/dev.myabcm.com\/wp-content\/uploads\/logo-myabcm.png\" \/>\n\t<meta property=\"og:image:width\" content=\"200\" \/>\n\t<meta property=\"og:image:height\" content=\"200\" \/>\n\t<meta property=\"og:image:type\" content=\"image\/png\" \/>\n<meta name=\"twitter:card\" content=\"summary_large_image\" \/>\n<meta name=\"twitter:site\" content=\"@myabcm\" \/>\n<script type=\"application\/ld+json\" class=\"yoast-schema-graph\">{\"@context\":\"https:\/\/schema.org\",\"@graph\":[{\"@type\":\"WebPage\",\"@id\":\"https:\/\/dev.myabcm.com\/fr\/cas-de-reussite\/\",\"url\":\"https:\/\/dev.myabcm.com\/fr\/cas-de-reussite\/\",\"name\":\"Cas de R\u00e9ussite - MyABCM\",\"isPartOf\":{\"@id\":\"https:\/\/dev.myabcm.com\/fr\/#website\"},\"primaryImageOfPage\":{\"@id\":\"https:\/\/dev.myabcm.com\/fr\/cas-de-reussite\/#primaryimage\"},\"image\":{\"@id\":\"https:\/\/dev.myabcm.com\/fr\/cas-de-reussite\/#primaryimage\"},\"thumbnailUrl\":\"https:\/\/dev.myabcm.com\/wp-content\/uploads\/logo-myabcm.png\",\"datePublished\":\"2024-11-22T19:06:11+00:00\",\"dateModified\":\"2024-11-27T01:46:16+00:00\",\"description\":\"A MyABCM oferece solu\u00e7\u00f5es financeiras sob medida para controle e redu\u00e7\u00e3o de gastos, an\u00e1lise de rentabilidade e melhoria de desempenho da sua empresa.\",\"inLanguage\":\"fr-FR\",\"potentialAction\":[{\"@type\":\"ReadAction\",\"target\":[\"https:\/\/dev.myabcm.com\/fr\/cas-de-reussite\/\"]}]},{\"@type\":\"ImageObject\",\"inLanguage\":\"fr-FR\",\"@id\":\"https:\/\/dev.myabcm.com\/fr\/cas-de-reussite\/#primaryimage\",\"url\":\"https:\/\/dev.myabcm.com\/wp-content\/uploads\/logo-myabcm.png\",\"contentUrl\":\"https:\/\/dev.myabcm.com\/wp-content\/uploads\/logo-myabcm.png\",\"width\":200,\"height\":200},{\"@type\":\"WebSite\",\"@id\":\"https:\/\/dev.myabcm.com\/fr\/#website\",\"url\":\"https:\/\/dev.myabcm.com\/fr\/\",\"name\":\"MyABCM\",\"description\":\"\",\"potentialAction\":[{\"@type\":\"SearchAction\",\"target\":{\"@type\":\"EntryPoint\",\"urlTemplate\":\"https:\/\/dev.myabcm.com\/fr\/?s={search_term_string}\"},\"query-input\":{\"@type\":\"PropertyValueSpecification\",\"valueRequired\":true,\"valueName\":\"search_term_string\"}}],\"inLanguage\":\"fr-FR\"}]}<\/script>\n<!-- \/ Yoast SEO plugin. -->","yoast_head_json":{"title":"Cas de R\u00e9ussite - MyABCM","description":"A MyABCM oferece solu\u00e7\u00f5es financeiras sob medida para controle e redu\u00e7\u00e3o de gastos, an\u00e1lise de rentabilidade e melhoria de desempenho da sua empresa.","robots":{"index":"index","follow":"follow","max-snippet":"max-snippet:-1","max-image-preview":"max-image-preview:large","max-video-preview":"max-video-preview:-1"},"canonical":"https:\/\/dev.myabcm.com\/fr\/cas-de-reussite\/","og_locale":"fr_FR","og_type":"article","og_title":"Cas de R\u00e9ussite - MyABCM","og_description":"A MyABCM oferece solu\u00e7\u00f5es financeiras sob medida para controle e redu\u00e7\u00e3o de gastos, an\u00e1lise de rentabilidade e melhoria de desempenho da sua empresa.","og_url":"https:\/\/dev.myabcm.com\/fr\/cas-de-reussite\/","og_site_name":"MyABCM","article_publisher":"https:\/\/www.facebook.com\/MyABCM\/","article_modified_time":"2024-11-27T01:46:16+00:00","og_image":[{"width":200,"height":200,"url":"http:\/\/dev.myabcm.com\/wp-content\/uploads\/logo-myabcm.png","type":"image\/png"}],"twitter_card":"summary_large_image","twitter_site":"@myabcm","schema":{"@context":"https:\/\/schema.org","@graph":[{"@type":"WebPage","@id":"https:\/\/dev.myabcm.com\/fr\/cas-de-reussite\/","url":"https:\/\/dev.myabcm.com\/fr\/cas-de-reussite\/","name":"Cas de R\u00e9ussite - MyABCM","isPartOf":{"@id":"https:\/\/dev.myabcm.com\/fr\/#website"},"primaryImageOfPage":{"@id":"https:\/\/dev.myabcm.com\/fr\/cas-de-reussite\/#primaryimage"},"image":{"@id":"https:\/\/dev.myabcm.com\/fr\/cas-de-reussite\/#primaryimage"},"thumbnailUrl":"https:\/\/dev.myabcm.com\/wp-content\/uploads\/logo-myabcm.png","datePublished":"2024-11-22T19:06:11+00:00","dateModified":"2024-11-27T01:46:16+00:00","description":"A MyABCM oferece solu\u00e7\u00f5es financeiras sob medida para controle e redu\u00e7\u00e3o de gastos, an\u00e1lise de rentabilidade e melhoria de desempenho da sua empresa.","inLanguage":"fr-FR","potentialAction":[{"@type":"ReadAction","target":["https:\/\/dev.myabcm.com\/fr\/cas-de-reussite\/"]}]},{"@type":"ImageObject","inLanguage":"fr-FR","@id":"https:\/\/dev.myabcm.com\/fr\/cas-de-reussite\/#primaryimage","url":"https:\/\/dev.myabcm.com\/wp-content\/uploads\/logo-myabcm.png","contentUrl":"https:\/\/dev.myabcm.com\/wp-content\/uploads\/logo-myabcm.png","width":200,"height":200},{"@type":"WebSite","@id":"https:\/\/dev.myabcm.com\/fr\/#website","url":"https:\/\/dev.myabcm.com\/fr\/","name":"MyABCM","description":"","potentialAction":[{"@type":"SearchAction","target":{"@type":"EntryPoint","urlTemplate":"https:\/\/dev.myabcm.com\/fr\/?s={search_term_string}"},"query-input":{"@type":"PropertyValueSpecification","valueRequired":true,"valueName":"search_term_string"}}],"inLanguage":"fr-FR"}]}},"_links":{"self":[{"href":"https:\/\/dev.myabcm.com\/fr\/wp-json\/wp\/v2\/pages\/36851","targetHints":{"allow":["GET"]}}],"collection":[{"href":"https:\/\/dev.myabcm.com\/fr\/wp-json\/wp\/v2\/pages"}],"about":[{"href":"https:\/\/dev.myabcm.com\/fr\/wp-json\/wp\/v2\/types\/page"}],"author":[{"embeddable":true,"href":"https:\/\/dev.myabcm.com\/fr\/wp-json\/wp\/v2\/users\/24"}],"replies":[{"embeddable":true,"href":"https:\/\/dev.myabcm.com\/fr\/wp-json\/wp\/v2\/comments?post=36851"}],"version-history":[{"count":4,"href":"https:\/\/dev.myabcm.com\/fr\/wp-json\/wp\/v2\/pages\/36851\/revisions"}],"predecessor-version":[{"id":36873,"href":"https:\/\/dev.myabcm.com\/fr\/wp-json\/wp\/v2\/pages\/36851\/revisions\/36873"}],"wp:featuredmedia":[{"embeddable":true,"href":"https:\/\/dev.myabcm.com\/fr\/wp-json\/wp\/v2\/media\/29355"}],"wp:attachment":[{"href":"https:\/\/dev.myabcm.com\/fr\/wp-json\/wp\/v2\/media?parent=36851"}],"curies":[{"name":"wp","href":"https:\/\/api.w.org\/{rel}","templated":true}]}}