{"id":36841,"date":"2024-11-22T14:04:51","date_gmt":"2024-11-22T17:04:51","guid":{"rendered":"https:\/\/dev.myabcm.com\/casos-de-exito\/"},"modified":"2024-11-26T22:31:43","modified_gmt":"2024-11-27T01:31:43","slug":"casos-de-exito","status":"publish","type":"page","link":"https:\/\/dev.myabcm.com\/es\/casos-de-exito\/","title":{"rendered":"Casos de \u00c9xito"},"content":{"rendered":"\t\t<div data-elementor-type=\"wp-page\" data-elementor-id=\"36841\" class=\"elementor elementor-36841 elementor-36792\">\n\t\t\t\t\t\t<section class=\"elementor-section elementor-top-section elementor-element elementor-element-a6652b1 elementor-section-height-min-height elementor-section-boxed elementor-section-height-default elementor-section-items-middle\" data-id=\"a6652b1\" data-element_type=\"section\" data-settings=\"{&quot;background_background&quot;:&quot;classic&quot;,&quot;shape_divider_bottom&quot;:&quot;curve&quot;,&quot;shape_divider_bottom_negative&quot;:&quot;yes&quot;}\">\n\t\t\t\t\t\t\t<div class=\"elementor-background-overlay\"><\/div>\n\t\t\t\t\t\t<div class=\"elementor-shape elementor-shape-bottom\" aria-hidden=\"true\" data-negative=\"true\">\n\t\t\t<svg xmlns=\"http:\/\/www.w3.org\/2000\/svg\" viewBox=\"0 0 1000 100\" preserveAspectRatio=\"none\">\n\t<path class=\"elementor-shape-fill\" d=\"M500,97C126.7,96.3,0.8,19.8,0,0v100l1000,0V1C1000,19.4,873.3,97.8,500,97z\"\/>\n<\/svg>\t\t<\/div>\n\t\t\t\t\t<div class=\"elementor-container elementor-column-gap-default\">\n\t\t\t\t\t<div class=\"elementor-column elementor-col-100 elementor-top-column elementor-element elementor-element-761dd8b\" data-id=\"761dd8b\" data-element_type=\"column\">\n\t\t\t<div class=\"elementor-widget-wrap elementor-element-populated\">\n\t\t\t\t\t\t<div class=\"elementor-element elementor-element-3046d5c elementor-widget elementor-widget-spacer\" data-id=\"3046d5c\" data-element_type=\"widget\" data-widget_type=\"spacer.default\">\n\t\t\t\t<div class=\"elementor-widget-container\">\n\t\t\t\t\t\t\t<div class=\"elementor-spacer\">\n\t\t\t<div class=\"elementor-spacer-inner\"><\/div>\n\t\t<\/div>\n\t\t\t\t\t\t<\/div>\n\t\t\t\t<\/div>\n\t\t\t\t<section class=\"elementor-section elementor-inner-section elementor-element elementor-element-7b79c67 elementor-section-boxed elementor-section-height-default elementor-section-height-default\" data-id=\"7b79c67\" data-element_type=\"section\">\n\t\t\t\t\t\t<div class=\"elementor-container elementor-column-gap-default\">\n\t\t\t\t\t<div class=\"elementor-column elementor-col-100 elementor-inner-column elementor-element elementor-element-6e76e64\" data-id=\"6e76e64\" data-element_type=\"column\">\n\t\t\t<div class=\"elementor-widget-wrap elementor-element-populated\">\n\t\t\t\t\t\t<div class=\"elementor-element elementor-element-90f8650 elementor-widget elementor-widget-heading\" data-id=\"90f8650\" data-element_type=\"widget\" data-widget_type=\"heading.default\">\n\t\t\t\t<div class=\"elementor-widget-container\">\n\t\t\t\t\t<h2 class=\"elementor-heading-title elementor-size-default\">Casos de \u00c9xito<\/h2>\t\t\t\t<\/div>\n\t\t\t\t<\/div>\n\t\t\t\t\t<\/div>\n\t\t<\/div>\n\t\t\t\t\t<\/div>\n\t\t<\/section>\n\t\t\t\t\t<\/div>\n\t\t<\/div>\n\t\t\t\t\t<\/div>\n\t\t<\/section>\n\t\t\t\t<section class=\"elementor-section elementor-top-section elementor-element elementor-element-0fdaf16 elementor-section-boxed elementor-section-height-default elementor-section-height-default\" data-id=\"0fdaf16\" data-element_type=\"section\">\n\t\t\t\t\t\t<div class=\"elementor-container elementor-column-gap-default\">\n\t\t\t\t\t<div class=\"elementor-column elementor-col-100 elementor-top-column elementor-element elementor-element-b209a95\" data-id=\"b209a95\" data-element_type=\"column\">\n\t\t\t<div class=\"elementor-widget-wrap elementor-element-populated\">\n\t\t\t\t\t\t<div class=\"elementor-element elementor-element-553cfdc elementor-widget elementor-widget-heading\" data-id=\"553cfdc\" data-element_type=\"widget\" data-widget_type=\"heading.default\">\n\t\t\t\t<div class=\"elementor-widget-container\">\n\t\t\t\t\t<h3 class=\"elementor-heading-title elementor-size-default\">Descubra c\u00f3mo empresas de distintos sectores han transformado su Gesti\u00f3n de Costos<br \/> y potenciado su Rentabilidad con MyABCM.<\/h3>\t\t\t\t<\/div>\n\t\t\t\t<\/div>\n\t\t\t\t\t<\/div>\n\t\t<\/div>\n\t\t\t\t\t<\/div>\n\t\t<\/section>\n\t\t\t\t<section class=\"elementor-section elementor-top-section elementor-element elementor-element-090284b elementor-section-boxed elementor-section-height-default elementor-section-height-default\" data-id=\"090284b\" data-element_type=\"section\">\n\t\t\t\t\t\t<div class=\"elementor-container elementor-column-gap-default\">\n\t\t\t\t\t<div class=\"elementor-column elementor-col-100 elementor-top-column elementor-element elementor-element-3ecfb1b\" data-id=\"3ecfb1b\" data-element_type=\"column\">\n\t\t\t<div class=\"elementor-widget-wrap elementor-element-populated\">\n\t\t\t\t\n    <style>#elementor-panel-category-pro-elements, #elementor-panel-category-woocommerce-elements, #elementor-panel-category-theme-elements, #elementor-panel-get-pro-elements, .elementor-nerd-box{display: none !important;}<\/style>\n    \t\t<div class=\"elementor-element elementor-element-e1e1898 elementor-widget elementor-widget-loop-cases\" data-id=\"e1e1898\" data-element_type=\"widget\" data-widget_type=\"loop-cases.default\">\n\t\t\t\t<div class=\"elementor-widget-container\">\n\t\t\t\t\t            <div class=\"container-fluid\">\r\n                <div class=\"row\">\r\n                    <div class=\"col-12 col-sm-4 col-md-2 mt-3 mb-3 coluna-cat\">\r\n                        <div>\r\n                            <h2 class=\"cat-name-listpost\">Categor\u00edas<\/h2>\r\n                            <div class=\"box-cat-post\">\r\n                                <a class=\"anchor\" href=\"#servicosfinanceiros\">Industria Financiera<\/a>\r\n                                <a class=\"anchor\" href=\"#bancos\">Bancos<\/a>\r\n                                <a class=\"anchor\" href=\"#educacao\">Educativo<\/a>\r\n                                <a class=\"anchor\" href=\"#it\">IT<\/a>\r\n                                <a class=\"anchor\" href=\"#logistica\">Logistica<\/a>\r\n                                <a class=\"anchor\" href=\"#manufatura\">Manufactura<\/a>\r\n                                <a class=\"anchor\" href=\"#seguros\">Seguros<\/a>\r\n                                <a class=\"anchor\" href=\"#servicos\">Servicios<\/a>\r\n                                <a class=\"anchor\" href=\"#publico\">Sector P\u00fablico<\/a>\r\n                                <a class=\"anchor\" href=\"#telecom\">Telecom<\/a>\r\n                            <\/div>\r\n                            <div class=\"box-cat-select\">\r\n                                <select name=\"categoria\" id=\"select-categoria\">\r\n                                    <option value=\"servicosfinanceiros\">Industria Financiera<\/option>\r\n                                    <option value=\"bancos\">Bancos<\/option>\r\n                                    <option value=\"educacao\">Educativo<\/option>\r\n                                    <option value=\"it\">IT<\/option>\r\n                                    <option value=\"logistica\">Logistica<\/option>\r\n                                    <option value=\"manufatura\">Manufactura<\/option>\r\n                                    <option value=\"seguros\">Seguros<\/option>\r\n                                    <option value=\"servicos\">Servicios<\/option>\r\n                                    <option value=\"publico\">Sector P\u00fablico<\/option>\r\n                                    <option value=\"telecom\">Telecom<\/option>\r\n                                <\/select>\r\n                            <\/div>\r\n                        <\/div>\r\n                    <\/div>\r\n                    <div class=\"col-12 col-sm-8 col-md-10 order-0 order-sm-1 mt-3 pl-4\">\r\n                        <div class=\"content-cases-ajax\" id=\"content-cases-ajax\"><\/div>\r\n                        <!-- <div class=\"control-eventos mt-3 mb-3\">\r\n                            <span class=\"bnt-left-posts\"><img decoding=\"async\" src=\"https:\/\/dev.myabcm.com\/wp-content\/themes\/myabcm\/img\/left-loop.png\" width=\"25\" alt=\"left\"><\/span>\r\n                            <span class=\"input-number-posts\">0<\/span>\r\n                            <span class=\"bnt-right-posts\"><img decoding=\"async\" src=\"https:\/\/dev.myabcm.com\/wp-content\/themes\/myabcm\/img\/right-loop.png\" width=\"25\" alt=\"right\"><\/span>\r\n                        <\/div> -->\r\n                    <\/div>\r\n                <\/div>\r\n            <\/div>\r\n        \t\t\t\t<\/div>\n\t\t\t\t<\/div>\n\t\t\t\t\t<\/div>\n\t\t<\/div>\n\t\t\t\t\t<\/div>\n\t\t<\/section>\n\t\t\t\t<\/div>\n\t\t","protected":false},"excerpt":{"rendered":"<p>Casos de \u00c9xito Descubra c\u00f3mo empresas de distintos sectores han transformado su Gesti\u00f3n de Costos y potenciado su Rentabilidad con MyABCM. Categories Finance Industry Banks Education IT Logistics Manufacturing Insurance Services Public Sector Telecom Finance IndustryBanksEducationITLogisticsManufacturingInsuranceServicesPublic SectorTelecom<\/p>\n","protected":false},"author":24,"featured_media":25061,"parent":0,"menu_order":0,"comment_status":"closed","ping_status":"closed","template":"","meta":{"_acf_changed":false,"footnotes":""},"class_list":["post-36841","page","type-page","status-publish","has-post-thumbnail","hentry"],"acf":[],"yoast_head":"<!-- This site is optimized with the Yoast SEO plugin v26.5 - https:\/\/yoast.com\/wordpress\/plugins\/seo\/ -->\n<title>Casos de \u00c9xito - MyABCM<\/title>\n<meta name=\"description\" content=\"A MyABCM oferece solu\u00e7\u00f5es financeiras sob medida para controle e redu\u00e7\u00e3o de gastos, an\u00e1lise de rentabilidade e melhoria de desempenho da sua empresa.\" \/>\n<meta name=\"robots\" content=\"index, follow, max-snippet:-1, max-image-preview:large, max-video-preview:-1\" \/>\n<link rel=\"canonical\" href=\"https:\/\/dev.myabcm.com\/es\/casos-de-exito\/\" \/>\n<meta property=\"og:locale\" content=\"es_ES\" \/>\n<meta property=\"og:type\" content=\"article\" \/>\n<meta property=\"og:title\" content=\"Casos de \u00c9xito - MyABCM\" \/>\n<meta property=\"og:description\" content=\"A MyABCM oferece solu\u00e7\u00f5es financeiras sob medida para controle e redu\u00e7\u00e3o de gastos, an\u00e1lise de rentabilidade e melhoria de desempenho da sua empresa.\" \/>\n<meta property=\"og:url\" content=\"https:\/\/dev.myabcm.com\/es\/casos-de-exito\/\" \/>\n<meta property=\"og:site_name\" content=\"MyABCM\" \/>\n<meta property=\"article:publisher\" content=\"https:\/\/www.facebook.com\/MyABCM\/\" \/>\n<meta property=\"article:modified_time\" content=\"2024-11-27T01:31:43+00:00\" \/>\n<meta property=\"og:image\" content=\"http:\/\/dev.myabcm.com\/wp-content\/uploads\/logo-myabcm.png\" \/>\n\t<meta property=\"og:image:width\" content=\"200\" \/>\n\t<meta property=\"og:image:height\" content=\"200\" \/>\n\t<meta property=\"og:image:type\" content=\"image\/png\" \/>\n<meta name=\"twitter:card\" content=\"summary_large_image\" \/>\n<meta name=\"twitter:site\" content=\"@myabcm\" \/>\n<script type=\"application\/ld+json\" class=\"yoast-schema-graph\">{\"@context\":\"https:\/\/schema.org\",\"@graph\":[{\"@type\":\"WebPage\",\"@id\":\"https:\/\/dev.myabcm.com\/es\/casos-de-exito\/\",\"url\":\"https:\/\/dev.myabcm.com\/es\/casos-de-exito\/\",\"name\":\"Casos de \u00c9xito - MyABCM\",\"isPartOf\":{\"@id\":\"https:\/\/dev.myabcm.com\/es\/#website\"},\"primaryImageOfPage\":{\"@id\":\"https:\/\/dev.myabcm.com\/es\/casos-de-exito\/#primaryimage\"},\"image\":{\"@id\":\"https:\/\/dev.myabcm.com\/es\/casos-de-exito\/#primaryimage\"},\"thumbnailUrl\":\"https:\/\/dev.myabcm.com\/wp-content\/uploads\/logo-myabcm.png\",\"datePublished\":\"2024-11-22T17:04:51+00:00\",\"dateModified\":\"2024-11-27T01:31:43+00:00\",\"description\":\"A MyABCM oferece solu\u00e7\u00f5es financeiras sob medida para controle e redu\u00e7\u00e3o de gastos, an\u00e1lise de rentabilidade e melhoria de desempenho da sua empresa.\",\"inLanguage\":\"es\",\"potentialAction\":[{\"@type\":\"ReadAction\",\"target\":[\"https:\/\/dev.myabcm.com\/es\/casos-de-exito\/\"]}]},{\"@type\":\"ImageObject\",\"inLanguage\":\"es\",\"@id\":\"https:\/\/dev.myabcm.com\/es\/casos-de-exito\/#primaryimage\",\"url\":\"https:\/\/dev.myabcm.com\/wp-content\/uploads\/logo-myabcm.png\",\"contentUrl\":\"https:\/\/dev.myabcm.com\/wp-content\/uploads\/logo-myabcm.png\",\"width\":200,\"height\":200},{\"@type\":\"WebSite\",\"@id\":\"https:\/\/dev.myabcm.com\/es\/#website\",\"url\":\"https:\/\/dev.myabcm.com\/es\/\",\"name\":\"MyABCM\",\"description\":\"\",\"potentialAction\":[{\"@type\":\"SearchAction\",\"target\":{\"@type\":\"EntryPoint\",\"urlTemplate\":\"https:\/\/dev.myabcm.com\/es\/?s={search_term_string}\"},\"query-input\":{\"@type\":\"PropertyValueSpecification\",\"valueRequired\":true,\"valueName\":\"search_term_string\"}}],\"inLanguage\":\"es\"}]}<\/script>\n<!-- \/ Yoast SEO plugin. -->","yoast_head_json":{"title":"Casos de \u00c9xito - MyABCM","description":"A MyABCM oferece solu\u00e7\u00f5es financeiras sob medida para controle e redu\u00e7\u00e3o de gastos, an\u00e1lise de rentabilidade e melhoria de desempenho da sua empresa.","robots":{"index":"index","follow":"follow","max-snippet":"max-snippet:-1","max-image-preview":"max-image-preview:large","max-video-preview":"max-video-preview:-1"},"canonical":"https:\/\/dev.myabcm.com\/es\/casos-de-exito\/","og_locale":"es_ES","og_type":"article","og_title":"Casos de \u00c9xito - MyABCM","og_description":"A MyABCM oferece solu\u00e7\u00f5es financeiras sob medida para controle e redu\u00e7\u00e3o de gastos, an\u00e1lise de rentabilidade e melhoria de desempenho da sua empresa.","og_url":"https:\/\/dev.myabcm.com\/es\/casos-de-exito\/","og_site_name":"MyABCM","article_publisher":"https:\/\/www.facebook.com\/MyABCM\/","article_modified_time":"2024-11-27T01:31:43+00:00","og_image":[{"width":200,"height":200,"url":"http:\/\/dev.myabcm.com\/wp-content\/uploads\/logo-myabcm.png","type":"image\/png"}],"twitter_card":"summary_large_image","twitter_site":"@myabcm","schema":{"@context":"https:\/\/schema.org","@graph":[{"@type":"WebPage","@id":"https:\/\/dev.myabcm.com\/es\/casos-de-exito\/","url":"https:\/\/dev.myabcm.com\/es\/casos-de-exito\/","name":"Casos de \u00c9xito - MyABCM","isPartOf":{"@id":"https:\/\/dev.myabcm.com\/es\/#website"},"primaryImageOfPage":{"@id":"https:\/\/dev.myabcm.com\/es\/casos-de-exito\/#primaryimage"},"image":{"@id":"https:\/\/dev.myabcm.com\/es\/casos-de-exito\/#primaryimage"},"thumbnailUrl":"https:\/\/dev.myabcm.com\/wp-content\/uploads\/logo-myabcm.png","datePublished":"2024-11-22T17:04:51+00:00","dateModified":"2024-11-27T01:31:43+00:00","description":"A MyABCM oferece solu\u00e7\u00f5es financeiras sob medida para controle e redu\u00e7\u00e3o de gastos, an\u00e1lise de rentabilidade e melhoria de desempenho da sua empresa.","inLanguage":"es","potentialAction":[{"@type":"ReadAction","target":["https:\/\/dev.myabcm.com\/es\/casos-de-exito\/"]}]},{"@type":"ImageObject","inLanguage":"es","@id":"https:\/\/dev.myabcm.com\/es\/casos-de-exito\/#primaryimage","url":"https:\/\/dev.myabcm.com\/wp-content\/uploads\/logo-myabcm.png","contentUrl":"https:\/\/dev.myabcm.com\/wp-content\/uploads\/logo-myabcm.png","width":200,"height":200},{"@type":"WebSite","@id":"https:\/\/dev.myabcm.com\/es\/#website","url":"https:\/\/dev.myabcm.com\/es\/","name":"MyABCM","description":"","potentialAction":[{"@type":"SearchAction","target":{"@type":"EntryPoint","urlTemplate":"https:\/\/dev.myabcm.com\/es\/?s={search_term_string}"},"query-input":{"@type":"PropertyValueSpecification","valueRequired":true,"valueName":"search_term_string"}}],"inLanguage":"es"}]}},"_links":{"self":[{"href":"https:\/\/dev.myabcm.com\/es\/wp-json\/wp\/v2\/pages\/36841","targetHints":{"allow":["GET"]}}],"collection":[{"href":"https:\/\/dev.myabcm.com\/es\/wp-json\/wp\/v2\/pages"}],"about":[{"href":"https:\/\/dev.myabcm.com\/es\/wp-json\/wp\/v2\/types\/page"}],"author":[{"embeddable":true,"href":"https:\/\/dev.myabcm.com\/es\/wp-json\/wp\/v2\/users\/24"}],"replies":[{"embeddable":true,"href":"https:\/\/dev.myabcm.com\/es\/wp-json\/wp\/v2\/comments?post=36841"}],"version-history":[{"count":2,"href":"https:\/\/dev.myabcm.com\/es\/wp-json\/wp\/v2\/pages\/36841\/revisions"}],"predecessor-version":[{"id":36872,"href":"https:\/\/dev.myabcm.com\/es\/wp-json\/wp\/v2\/pages\/36841\/revisions\/36872"}],"wp:featuredmedia":[{"embeddable":true,"href":"https:\/\/dev.myabcm.com\/es\/wp-json\/wp\/v2\/media\/25061"}],"wp:attachment":[{"href":"https:\/\/dev.myabcm.com\/es\/wp-json\/wp\/v2\/media?parent=36841"}],"curies":[{"name":"wp","href":"https:\/\/api.w.org\/{rel}","templated":true}]}}